













{"id":1082,"date":"2021-07-12T08:18:21","date_gmt":"2021-07-12T08:18:21","guid":{"rendered":"https:\/\/team1-cathcart.sapna.croc\/contact-technology\/"},"modified":"2025-04-23T11:12:58","modified_gmt":"2025-04-23T11:12:58","slug":"contact-technology","status":"publish","type":"page","link":"https:\/\/cathcarttechnology.com\/fi\/contact-technology\/","title":{"rendered":"Ota yhteytt\u00e4 Cathcart Technologyyn"},"content":{"rendered":"\r\n<section class=\"page-banner\" style=\"background-color: #f5f8fb;\">\r\n    <div class=\"banner-image-left\">\r\n        <img decoding=\"async\" src=\"https:\/\/cathcarttechnology.com\/wp-content\/uploads\/2021\/09\/contact-banner-left.png\" class=\"\" alt=\"Flower Pot\" \/>\r\n    <\/div>\r\n    <div class=\"container d-flex flex-column justify-content-center m-ht\">\r\n        <h1>Ota yhteytt\u00e4<\/h1>\r\n        <h3>Mist\u00e4 l\u00f6yd\u00e4t meid\u00e4t.<\/h3>\r\n    <\/div>\r\n    <div class=\"banner-image-right\">\r\n        <img decoding=\"async\" src=\"https:\/\/cathcarttechnology.com\/wp-content\/uploads\/2021\/09\/contact-banner-right.png\" class=\"\" alt=\"Wardrobe\" \/>\r\n    <\/div>\r\n<\/section>\r\n\r\n<section class=\"job-search-wrapper jobs-technology-section overlay-pbanner contact-technology\">\r\n    <div class=\"container\">\r\n        <div class=\"section-icons\"><img decoding=\"async\" src=\"https:\/\/cathcarttechnology.com\/wp-content\/uploads\/2021\/08\/location-round-icon.svg\" alt=\"Search\" title=\"Search\" \/><\/div>\r\n        <h2 class=\"text-center\">Uutiskirje<\/h2>\r\n        <p class=\"text-center\">Edinburghin p\u00e4\u00e4konttorillamme ty\u00f6skentelev\u00e4t tiimit keskittyv\u00e4t rekrytointiin Suomessa, Skotlannissa ja Pohjois-Englannissa. Bangkokissa toimiva tiimimme palvelee Thaimaata ja Kaakkois-Aasiaa.<\/p>\r\n\r\n                <div class=\"row \">\r\n            <div class=\"col-lg-6\">\r\n                <img decoding=\"async\" src=\"https:\/\/cathcarttechnology.com\/wp-content\/uploads\/2021\/08\/Scotland-city.jpg\" class=\"country-img\" alt=\"Skotlanti image\" \/>\r\n                <div class=\"country-icon\"><img decoding=\"async\" src=\"https:\/\/cathcarttechnology.com\/wp-content\/uploads\/2021\/08\/scotland-flag-icon.svg\" alt=\"Skotlanti flag\" \/><\/div>\r\n\r\n            <\/div>\r\n            <div class=\"col-lg-6 h5_padding\">\r\n\r\n                <div class=\"row position_div_mobile\">\r\n                    <div class=\"col-md-6 col-6  address\">\r\n                        <div class=\"address-details\">\r\n                            <h5>\r\n                                Edinburgh                            <\/h5>\r\n                            <p>Ardmore House<\/p>\r\n                            <p>40 George Street<\/p>\r\n                            <p>EH2 2LE Edinburgh<\/p>\r\n                                                    <\/div>\r\n                        <div class=\"contact-enquiry\">\r\n                                                      <h5 class=\"mobile_div\"><a href=\"mailto:hello@cathcarttechnology.com\"><img decoding=\"async\" class=\"email-address \"\r\n                                        src=\"https:\/\/cathcarttechnology.com\/wp-content\/uploads\/2021\/08\/mail-icon.svg\" alt=\"Search\" title=\"Search\" \/>\r\n                                    Tiedustelut<\/a><\/h5>\r\n                            <p class=\"mobile_div\">+44 (0)131 510 1500<\/p>\r\n                        <\/div>\r\n                    <\/div>\r\n                    \r\n                <\/div>\r\n            <\/div>\r\n        <\/div>\r\n                <div class=\"row \">\r\n            <div class=\"col-lg-6\">\r\n                <img decoding=\"async\" src=\"https:\/\/cathcarttechnology.com\/wp-content\/uploads\/2021\/08\/England-city.jpg\" class=\"country-img\" alt=\"Englanti image\" \/>\r\n                <div class=\"country-icon\"><img decoding=\"async\" src=\"https:\/\/cathcarttechnology.com\/wp-content\/uploads\/2021\/08\/english-flag-roundel-1-1.svg\" alt=\"Englanti flag\" \/><\/div>\r\n\r\n            <\/div>\r\n            <div class=\"col-lg-6 h5_padding\">\r\n\r\n                <div class=\"row position_div_mobile\">\r\n                    <div class=\"col-md-6 col-6  address\">\r\n                        <div class=\"address-details\">\r\n                            <h5>\r\n                                Manchester                            <\/h5>\r\n                            <p>13th Floor<\/p>\r\n                            <p>Piccadilly Plaza<\/p>\r\n                            <p>M1 4BT Manchester<\/p>\r\n                                                    <\/div>\r\n                        <div class=\"contact-enquiry\">\r\n                                                      <h5 class=\"mobile_div\"><a href=\"mailto:hello@cathcarttechnology.com\"><img decoding=\"async\" class=\"email-address \"\r\n                                        src=\"https:\/\/cathcarttechnology.com\/wp-content\/uploads\/2021\/08\/mail-icon.svg\" alt=\"Search\" title=\"Search\" \/>\r\n                                    Tiedustelut<\/a><\/h5>\r\n                            <p class=\"mobile_div\">+44 (0)161 672 5419<\/p>\r\n                        <\/div>\r\n                    <\/div>\r\n                    \r\n                <\/div>\r\n            <\/div>\r\n        <\/div>\r\n                <div class=\"row \">\r\n            <div class=\"col-lg-6\">\r\n                <img decoding=\"async\" src=\"https:\/\/cathcarttechnology.com\/wp-content\/uploads\/2021\/08\/Finland-city.jpg\" class=\"country-img\" alt=\"Suomi image\" \/>\r\n                <div class=\"country-icon\"><img decoding=\"async\" src=\"https:\/\/cathcarttechnology.com\/wp-content\/uploads\/2021\/08\/finish-flag-roundel-1.svg\" alt=\"Suomi flag\" \/><\/div>\r\n\r\n            <\/div>\r\n            <div class=\"col-lg-6 h5_padding\">\r\n\r\n                <div class=\"row position_div_mobile\">\r\n                    <div class=\"col-md-6 col-6  address\">\r\n                        <div class=\"address-details\">\r\n                            <h5>\r\n                                Helsinki                            <\/h5>\r\n                            <p>Regus Graniittitalo<\/p>\r\n                            <p>Antinkatu 3D 7. kerros<\/p>\r\n                            <p>00100 Helsinki<\/p>\r\n                                                        <p>tel: +358 9 4245 2477 <\/p>\r\n                                                    <\/div>\r\n                        <div class=\"contact-enquiry\">\r\n                                                      <h5 class=\"mobile_div\"><a href=\"mailto:hello@cathcarttechnology.com\"><img decoding=\"async\" class=\"email-address \"\r\n                                        src=\"https:\/\/cathcarttechnology.com\/wp-content\/uploads\/2021\/08\/mail-icon.svg\" alt=\"Search\" title=\"Search\" \/>\r\n                                    Tiedustelut<\/a><\/h5>\r\n                            <p class=\"mobile_div\">+44 (0)131 510 1500<\/p>\r\n                        <\/div>\r\n                    <\/div>\r\n                    \r\n                <\/div>\r\n            <\/div>\r\n        <\/div>\r\n                <div class=\"row \">\r\n            <div class=\"col-lg-6\">\r\n                <img decoding=\"async\" src=\"https:\/\/cathcarttechnology.com\/wp-content\/uploads\/2021\/08\/location-thailand.jpg\" class=\"country-img\" alt=\"Thaimaa image\" \/>\r\n                <div class=\"country-icon\"><img decoding=\"async\" src=\"https:\/\/cathcarttechnology.com\/wp-content\/uploads\/2021\/08\/thailand-roundel.svg\" alt=\"Thaimaa flag\" \/><\/div>\r\n\r\n            <\/div>\r\n            <div class=\"col-lg-6 h5_padding\">\r\n\r\n                <div class=\"row position_div_mobile\">\r\n                    <div class=\"col-md-6 col-6  address\">\r\n                        <div class=\"address-details\">\r\n                            <h5>\r\n                                Bangkok                            <\/h5>\r\n                            <p>5th Floor, Unit 502<\/p>\r\n                            <p>540 Mercury Tower Ploenchit Rd<\/p>\r\n                            <p>10330 Bangkok<\/p>\r\n                                                    <\/div>\r\n                        <div class=\"contact-enquiry\">\r\n                                                      <h5 class=\"mobile_div\"><a href=\"mailto:hello@cathcarttechnology.com\"><img decoding=\"async\" class=\"email-address \"\r\n                                        src=\"https:\/\/cathcarttechnology.com\/wp-content\/uploads\/2021\/08\/mail-icon.svg\" alt=\"Search\" title=\"Search\" \/>\r\n                                    Tiedustelut<\/a><\/h5>\r\n                            <p class=\"mobile_div\">+66 203 85878<\/p>\r\n                        <\/div>\r\n                    <\/div>\r\n                    \r\n                <\/div>\r\n            <\/div>\r\n        <\/div>\r\n        \r\n\r\n<\/section>\r\n<div class=\"contact-form-shortcode\">\r\n  <div class=\"contact-inner\">\r\n        \n<div class=\"wpcf7 no-js\" id=\"wpcf7-f5767-o1\" lang=\"fi\" dir=\"ltr\" data-wpcf7-id=\"5767\">\n<div class=\"screen-reader-response\"><p role=\"status\" aria-live=\"polite\" aria-atomic=\"true\"><\/p> <ul><\/ul><\/div>\n<form action=\"\/fi\/wp-json\/wp\/v2\/pages\/1082#wpcf7-f5767-o1\" method=\"post\" class=\"wpcf7-form init\" aria-label=\"Contact form\" novalidate=\"novalidate\" data-status=\"init\">\n<fieldset class=\"hidden-fields-container\"><input type=\"hidden\" name=\"_wpcf7\" value=\"5767\" \/><input type=\"hidden\" name=\"_wpcf7_version\" value=\"6.1.5\" \/><input type=\"hidden\" name=\"_wpcf7_locale\" value=\"fi\" \/><input type=\"hidden\" name=\"_wpcf7_unit_tag\" value=\"wpcf7-f5767-o1\" \/><input type=\"hidden\" name=\"_wpcf7_container_post\" value=\"0\" \/><input type=\"hidden\" name=\"_wpcf7_posted_data_hash\" value=\"\" \/><input type=\"hidden\" name=\"_wpcf7_recaptcha_response\" value=\"\" \/>\n<\/fieldset>\n<section class=\"newsletter-wrapper contact-technology-newsletter\">\n\t<div class=\"container\">\n\t\t<div class=\"news-icons\">\n\t\t\t<p><img decoding=\"async\" src=\"\/wp-content\/uploads\/2021\/08\/writing-roundel.svg\" alt=\"\" title=\"\" \/>\n\t\t\t<\/p>\n\t\t<\/div>\n\t\t<h2 class=\"text-center\">Ota yhteytt\u00e4\n\t\t<\/h2>\n\t\t<p class=\"text-center\">N\u00e4m\u00e4 tiedot siirtyv\u00e4t j\u00e4rjestelm\u00e4\u00e4mme ja , ja yksi rekrytointikonsulteistamme vastaa sinulle mahdollisimman pian tai silloin, kun sinulle sopii.\n\t\t<\/p>\n\t\t<div class=\"newsletter-content\">\n\t\t\t<div class=\"row\">\n\t\t\t\t<div class=\"col-12 col-md-6\">\n\t\t\t\t\t<p><label class=\"form-label\">Koko nimesi<br \/>\n<span class=\"wpcf7-form-control-wrap\" data-name=\"your-name\"><input size=\"40\" maxlength=\"400\" class=\"wpcf7-form-control wpcf7-text wpcf7-validates-as-required form-control\" aria-required=\"true\" aria-invalid=\"false\" placeholder=\"Kirjoita etu- ja sukunimesi\" value=\"\" type=\"text\" name=\"your-name\" \/><\/span> <\/label>\n\t\t\t\t\t<\/p>\n\t\t\t\t<\/div>\n\t\t\t\t<div class=\"col-12 col-md-6\">\n\t\t\t\t\t<p><label class=\"form-label\">S\u00e4hk\u00f6postiosoite<br \/>\n<span class=\"wpcf7-form-control-wrap\" data-name=\"your-email\"><input size=\"40\" maxlength=\"400\" class=\"wpcf7-form-control wpcf7-email wpcf7-validates-as-required wpcf7-text wpcf7-validates-as-email form-control\" aria-required=\"true\" aria-invalid=\"false\" placeholder=\"Kirjoita s\u00e4hk\u00f6postiosoitteesi\" value=\"\" type=\"email\" name=\"your-email\" \/><\/span> <\/label><br \/>\n\t\t\t\t\t<\/p>\n\t\t\t\t<\/div>\n\t\t\t<\/div>\n\t\t\t<div class=\"row\">\n\t\t\t\t<div class=\"col-12 col-md-6\">\n\t\t\t\t\t<p><label class=\"form-label\">Yritys<br \/>\n<span class=\"wpcf7-form-control-wrap\" data-name=\"your-company\"><input size=\"40\" maxlength=\"400\" class=\"wpcf7-form-control wpcf7-text wpcf7-validates-as-required form-control\" aria-required=\"true\" aria-invalid=\"false\" placeholder=\"Yrityksesi nimi\" value=\"\" type=\"text\" name=\"your-company\" \/><\/span> <\/label>\n\t\t\t\t\t<\/p>\n\t\t\t\t<\/div>\n\t\t\t\t<div class=\"col-12 col-md-6\">\n\t\t\t\t\t<p><label class=\"form-label\">Yhteyshenkil\u00f6n numero<br \/>\n<span class=\"wpcf7-form-control-wrap\" data-name=\"your-mobile\"><input size=\"40\" maxlength=\"400\" class=\"wpcf7-form-control wpcf7-text wpcf7-validates-as-required form-control\" aria-required=\"true\" aria-invalid=\"false\" placeholder=\"Puhelinnumero\" value=\"\" type=\"text\" name=\"your-mobile\" \/><\/span> <\/label><br \/>\n\t\t\t\t\t<\/p>\n\t\t\t\t<\/div>\n\t\t\t<\/div>\n\t\t\t<div class=\"row\">\n\t\t\t\t<div class=\"col-12 col-md-12\">\n\t\t\t\t\t<p><label class=\"form-label w-100\">Kommentti<br \/>\n<span class=\"wpcf7-form-control-wrap\" data-name=\"your-message\"><textarea cols=\"50\" rows=\"4\" maxlength=\"2000\" class=\"wpcf7-form-control wpcf7-textarea wpcf7-validates-as-required form-control\" aria-required=\"true\" aria-invalid=\"false\" placeholder=\"Kerro meille, mit\u00e4 tarvitset.\" name=\"your-message\"><\/textarea><\/span><br \/>\n<\/label>\n\t\t\t\t\t<\/p>\n\t\t\t\t<\/div>\n\t\t\t<\/div>\n\t\t<\/div>\n\t\t<div class=\"text-center\">\n\t\t\t<p><input class=\"wpcf7-form-control wpcf7-submit has-spinner primary-btn\" type=\"submit\" value=\"L\u00e4het\u00e4\" \/>\n\t\t\t<\/p>\n\t\t<\/div>\n\t\t<div class=\"center-text\">\n\t\t\t<p>S\u00e4ilyt\u00e4mme henkil\u00f6tietosi turvallisesti yleisen tietosuoja-asetuksen mukaisesti ja l\u00e4het\u00e4mme sinulle vain kysely\u00e4si koskevia s\u00e4hk\u00f6postiviestej\u00e4.\n\t\t\t<\/p>\n\t\t<\/div>\n\t<\/div>\n<\/section><div class=\"wpcf7-response-output\" aria-hidden=\"true\"><\/div>\n<\/form>\n<\/div>\n  <\/div>\r\n<\/div>\r\n<section class=\"affiliates opinion-section section-space pb-0 pb-md-5 \">\r\n    <div class=\"container\">\r\n        <div class=\"section-icons\">\r\n            <img decoding=\"async\" src=\"https:\/\/cathcarttechnology.com\/wp-content\/uploads\/2021\/08\/accreditations-roundel.svg\" alt=\"Your Opinion\" \/>\r\n        <\/div>\r\n        <h2 class=\"text-center\">Kumppanuudet ja akkreditoinnit<\/h2>\r\n\r\n        <!-- 3 column layout start -->\r\n        <div class=\"row\">\r\n                        <div class=\"col-md col-6 d-flex\">\r\n                <img decoding=\"async\" src=\"https:\/\/cathcarttechnology.com\/wp-content\/uploads\/2021\/08\/crown_commercia_serv.png\" class=\"card-img-top flex_box_img\" alt=\"...\" \/>\r\n            <\/div>\r\n                        <div class=\"col-md col-6 d-flex\">\r\n                <img decoding=\"async\" src=\"https:\/\/cathcarttechnology.com\/wp-content\/uploads\/2021\/08\/manchester_Digital.png\" class=\"card-img-top flex_box_img\" alt=\"...\" \/>\r\n            <\/div>\r\n                        <div class=\"col-md col-6 d-flex\">\r\n                <img decoding=\"async\" src=\"https:\/\/cathcarttechnology.com\/wp-content\/uploads\/2021\/08\/scotlandIS_affi.png\" class=\"card-img-top flex_box_img\" alt=\"...\" \/>\r\n            <\/div>\r\n                        <div class=\"col-md col-6 d-flex\">\r\n                <img decoding=\"async\" src=\"https:\/\/cathcarttechnology.com\/wp-content\/uploads\/2021\/08\/cyber_essentials.png\" class=\"card-img-top flex_box_img\" alt=\"...\" \/>\r\n            <\/div>\r\n                        <div class=\"col-md col-6 d-flex\">\r\n                <img decoding=\"async\" src=\"https:\/\/cathcarttechnology.com\/wp-content\/uploads\/2021\/08\/rec.png\" class=\"card-img-top flex_box_img\" alt=\"...\" \/>\r\n            <\/div>\r\n            \r\n\r\n        <\/div>\r\n\r\n        <!-- 3 column layout end -->\r\n\r\n    <\/div>\r\n<\/section>\r\n\n\r\n\r\n","protected":false},"excerpt":{"rendered":"","protected":false},"author":1,"featured_media":0,"parent":0,"menu_order":0,"comment_status":"closed","ping_status":"closed","template":"","meta":{"_acf_changed":false,"inline_featured_image":false,"footnotes":""},"class_list":["post-1082","page","type-page","status-publish","hentry","entry"],"acf":[],"_links":{"self":[{"href":"https:\/\/cathcarttechnology.com\/fi\/wp-json\/wp\/v2\/pages\/1082","targetHints":{"allow":["GET"]}}],"collection":[{"href":"https:\/\/cathcarttechnology.com\/fi\/wp-json\/wp\/v2\/pages"}],"about":[{"href":"https:\/\/cathcarttechnology.com\/fi\/wp-json\/wp\/v2\/types\/page"}],"author":[{"embeddable":true,"href":"https:\/\/cathcarttechnology.com\/fi\/wp-json\/wp\/v2\/users\/1"}],"replies":[{"embeddable":true,"href":"https:\/\/cathcarttechnology.com\/fi\/wp-json\/wp\/v2\/comments?post=1082"}],"version-history":[{"count":10,"href":"https:\/\/cathcarttechnology.com\/fi\/wp-json\/wp\/v2\/pages\/1082\/revisions"}],"predecessor-version":[{"id":43035,"href":"https:\/\/cathcarttechnology.com\/fi\/wp-json\/wp\/v2\/pages\/1082\/revisions\/43035"}],"wp:attachment":[{"href":"https:\/\/cathcarttechnology.com\/fi\/wp-json\/wp\/v2\/media?parent=1082"}],"curies":[{"name":"wp","href":"https:\/\/api.w.org\/{rel}","templated":true}]}}