













{"id":185,"date":"2021-06-16T07:30:07","date_gmt":"2021-06-16T07:30:07","guid":{"rendered":"https:\/\/team1-cathcart.sapna.croc\/?page_id=185"},"modified":"2025-04-23T11:13:38","modified_gmt":"2025-04-23T11:13:38","slug":"locations","status":"publish","type":"page","link":"https:\/\/cathcarttechnology.com\/fi\/locations\/","title":{"rendered":"Sijainnit"},"content":{"rendered":"\n<section class=\"page-banner\" style=\"background-color: #f5f8fb;\">\n    <div class=\"banner-image-left\">\n        <img decoding=\"async\" src=\"https:\/\/cathcarttechnology.com\/wp-content\/uploads\/2021\/09\/banner-left.png\" class=\"\" alt=\"Flower Pot\" \/>\n    <\/div>\n    <div class=\"container d-flex flex-column justify-content-center m-ht\">\n        <h1>Paikallistuntemus<\/h1>\n        <h3>Tarjoamme tukea siell\u00e4, miss\u00e4 sit\u00e4 tarvitset.<\/h3>\n    <\/div>\n\n    <div class=\"banner-image-right\">\n        <img decoding=\"async\" src=\"https:\/\/cathcarttechnology.com\/wp-content\/uploads\/2021\/09\/banner-right.png\" class=\"\" alt=\"Wardrobe\" \/>\n    <\/div>\n<\/section>\n\n\n<section class=\"locationwrapper overlay-pbanner\">\n        <div class=\"container\">\n        <div class=\"section-icons\"><img decoding=\"async\" src=\"https:\/\/cathcarttechnology.com\/wp-content\/uploads\/2021\/08\/scotland-flag-icon.svg\" class=\"flag-circle\" alt=\"Skotlanti\"><\/div>\n        <h1>Skotlanti<\/h1>\n        <p>Kotipaikkamme ja p\u00e4\u00e4konttorimme ovat Edinburghissa. Cathcartin kasvu on kulkenut k\u00e4si k\u00e4dess\u00e4 Edinburghin kasvun kanssa maailman johtavana teknologiakeskittym\u00e4n\u00e4 ja olemme eritt\u00e4in ylpeit\u00e4 siit\u00e4, ett\u00e4 olemme olennainen osa Skotlannin teknologia-alaa.<\/p>\n    <\/div>\n    <div class=\"fullimage-content\">\n        <img decoding=\"async\" src=\"https:\/\/cathcarttechnology.com\/wp-content\/uploads\/2021\/08\/Scotland-city.jpg\" alt=\"Image of Skotlanti\">\n    <\/div>\n        <div class=\"container\">\n        <div class=\"row inner-content\">\n            <div class=\"col-12 col-md-4\">\n                <h2>Edinburgh<\/h2>\n                <p>Edinburgh on tunnettu teknologiakeskus, jossa toimii useita startup-yrityksi\u00e4 ja yliopistojen kampuksilla toteutetaan j\u00e4nnitt\u00e4vi\u00e4 projekteja.<\/p>\n            <\/div>\n            <div class=\"col-12 col-md-4\">\n                <h2>Glasgow<\/h2>\n                <p>Dear Green Placessa on maan eniten startup-yrityksi\u00e4 ja se on kansainv\u00e4listen yritysten keskus.<\/p>\n            <\/div>\n            <div class=\"col-12 col-md-4\">\n                <h2>Aberdeen<\/h2>\n                <p>Aberdeeniin kohdistuu suurta kysynt\u00e4\u00e4 energiateollisuudelta, mutta kyse ei ole vain paikan p\u00e4\u00e4ll\u00e4 suoritettavista teht\u00e4vist\u00e4. Teknisen erityisosaamisen kysynt\u00e4 on suurta.<\/p>\n            <\/div>\n        <\/div>\n\n    <\/div>\n        <div class=\"center-btn text-center section-space\">\n                <div class=\"separatorLine\"><\/div>\n    <\/div>\n        <div class=\"container\">\n        <div class=\"section-icons\"><img decoding=\"async\" src=\"https:\/\/cathcarttechnology.com\/wp-content\/uploads\/2021\/08\/english-flag-roundel-1-1.svg\" class=\"flag-circle\" alt=\"Northern Powerhouse\"><\/div>\n        <h1>Northern Powerhouse<\/h1>\n        <p>Olemme laajentaneet toimintaamme Manchesteriin, yhden perustajamme kotikaupunkiin. Olemme ylpeit\u00e4 siit\u00e4, ett\u00e4 meill\u00e4 on omistautunut tiimi, joka ty\u00f6skentelee koko Northern Powerhouse -alueen kanssa. Teknologiateollisuuden kasvu Manchesterissa ja Leedsiss\u00e4 on huikeaa, ja olemme uskomattoman innoissamme saadessamme olla osa sit\u00e4.<\/p>\n    <\/div>\n    <div class=\"fullimage-content\">\n        <img decoding=\"async\" src=\"https:\/\/cathcarttechnology.com\/wp-content\/uploads\/2021\/08\/England-city.jpg\" alt=\"Image of Northern Powerhouse\">\n    <\/div>\n        <div class=\"container\">\n        <div class=\"row inner-content\">\n            <div class=\"col-12 col-md-4\">\n                <h2>Manchester<\/h2>\n                <p>Manchesterista on nopeasti tulossa Englannin toinen merkitt\u00e4v\u00e4 kaupunki, sill\u00e4 monet yritykset siirtyv\u00e4t Lontoosta luoteeseen.<\/p>\n            <\/div>\n            <div class=\"col-12 col-md-4\">\n                <h2><\/h2>\n                <p><\/p>\n            <\/div>\n            <div class=\"col-12 col-md-4\">\n                <h2>Leeds<\/h2>\n                <p>Leeds on l\u00e4ntisen Yorkshiren kulttuurinen, taloudellinen ja kaupallinen keskus ja siell\u00e4 on eritt\u00e4in vahva teknologia-ala.<\/p>\n            <\/div>\n        <\/div>\n\n    <\/div>\n        <div class=\"center-btn text-center section-space\">\n                <div class=\"separatorLine\"><\/div>\n    <\/div>\n        <div class=\"container\">\n        <div class=\"section-icons\"><img decoding=\"async\" src=\"https:\/\/cathcarttechnology.com\/wp-content\/uploads\/2021\/08\/finish-flag-roundel-1.svg\" class=\"flag-circle\" alt=\"Suomi\"><\/div>\n        <h1>Suomi<\/h1>\n        <p>Suomessa on terve teknologiaekosysteemi, joka ulottuu nousevista startup-yrityksist\u00e4 maailmanlaajuisiin tunnetuimpiin yrityksiin. Pohjoismainen tiimimme ty\u00f6skentelee ahkerasti auttaakseen asiakkaitaan l\u00f6yt\u00e4m\u00e4\u00e4n parhaat lahjakkuudet ja sovittaakseen yhteen ammattitaitoisia teknologia-alan ammattilaisia loistavien mahdollisuuksien kanssa eri puolilla aluetta.<\/p>\n    <\/div>\n    <div class=\"fullimage-content\">\n        <img decoding=\"async\" src=\"https:\/\/cathcarttechnology.com\/wp-content\/uploads\/2021\/08\/Finland-city.jpg\" alt=\"Image of Suomi\">\n    <\/div>\n        <div class=\"center-btn text-center section-space\">\n                <div class=\"separatorLine\"><\/div>\n    <\/div>\n        <div class=\"container\">\n        <div class=\"section-icons\"><img decoding=\"async\" src=\"https:\/\/cathcarttechnology.com\/wp-content\/uploads\/2021\/08\/thailand-roundel.svg\" class=\"flag-circle\" alt=\"Thaimaa\"><\/div>\n        <h1>Thaimaa<\/h1>\n        <p>Vuonna 2015 tartuimme tilaisuuteen laajentua Thaimaan kehittyville markkinoille. Olemme ylpeit\u00e4 voidessamme sanoa, ett\u00e4 olemme omalta osaltamme mukana tekem\u00e4ss\u00e4 Bangkokista yht\u00e4 maailman t\u00e4rkeimmist\u00e4 teknologiakeskuksista. Vieraile Thaimaan verkkosivustolla<\/p>\n    <\/div>\n    <div class=\"fullimage-content\">\n        <img decoding=\"async\" src=\"https:\/\/cathcarttechnology.com\/wp-content\/uploads\/2021\/08\/Thailand-city.jpg\" alt=\"Image of Thaimaa\">\n    <\/div>\n        <div class=\"center-btn text-center section-space\">\n                <a href=\"https:\/\/cathcarttechnology.co.th\/\" class=\"secondary-btn\">Visit the Thailand website\n            <span class=\"opnelink\"><\/span>\n        <\/a>\n                <div class=\"separatorLine\"><\/div>\n    <\/div>\n    <\/section>\n\n\n\r\n\r\n","protected":false},"excerpt":{"rendered":"","protected":false},"author":1,"featured_media":0,"parent":0,"menu_order":0,"comment_status":"closed","ping_status":"closed","template":"","meta":{"_acf_changed":false,"inline_featured_image":false,"footnotes":""},"class_list":["post-185","page","type-page","status-publish","hentry","entry"],"acf":[],"_links":{"self":[{"href":"https:\/\/cathcarttechnology.com\/fi\/wp-json\/wp\/v2\/pages\/185","targetHints":{"allow":["GET"]}}],"collection":[{"href":"https:\/\/cathcarttechnology.com\/fi\/wp-json\/wp\/v2\/pages"}],"about":[{"href":"https:\/\/cathcarttechnology.com\/fi\/wp-json\/wp\/v2\/types\/page"}],"author":[{"embeddable":true,"href":"https:\/\/cathcarttechnology.com\/fi\/wp-json\/wp\/v2\/users\/1"}],"replies":[{"embeddable":true,"href":"https:\/\/cathcarttechnology.com\/fi\/wp-json\/wp\/v2\/comments?post=185"}],"version-history":[{"count":5,"href":"https:\/\/cathcarttechnology.com\/fi\/wp-json\/wp\/v2\/pages\/185\/revisions"}],"predecessor-version":[{"id":43037,"href":"https:\/\/cathcarttechnology.com\/fi\/wp-json\/wp\/v2\/pages\/185\/revisions\/43037"}],"wp:attachment":[{"href":"https:\/\/cathcarttechnology.com\/fi\/wp-json\/wp\/v2\/media?parent=185"}],"curies":[{"name":"wp","href":"https:\/\/api.w.org\/{rel}","templated":true}]}}