













{"id":189,"date":"2021-06-16T07:35:11","date_gmt":"2021-06-16T07:35:11","guid":{"rendered":"https:\/\/team1-cathcart.sapna.croc\/?page_id=189"},"modified":"2022-08-29T15:58:43","modified_gmt":"2022-08-29T15:58:43","slug":"opinion","status":"publish","type":"page","link":"https:\/\/cathcarttechnology.com\/fi\/opinion\/","title":{"rendered":"Mielipide"},"content":{"rendered":"<section class=\"page-banner\" style=\"background-color: #f5f8fb;\">\r\n    <div class=\"banner-image-left\">\r\n        <img decoding=\"async\" src=\"https:\/\/cathcarttechnology.com\/wp-content\/uploads\/2021\/09\/flower-pot.png\" class=\"\" alt=\"Flower Pot\" \/>\r\n    <\/div>\r\n    <div class=\"container d-flex flex-column justify-content-center m-ht\">\r\n        <h1>Ajatusten jakaminen<\/h1>\r\n        <h3>Saamme erinomaisen k\u00e4sityksen toimialastamme.<\/h3>\r\n    <\/div>\r\n    <div class=\"banner-image-right\">\r\n        <img decoding=\"async\" src=\"https:\/\/cathcarttechnology.com\/wp-content\/uploads\/2021\/09\/wardrobe.png\" class=\"\" alt=\"Wardrobe\" \/>\r\n    <\/div>\r\n<\/section>\r\n\r\n\n\n\n\r\n  <section class=\"opinion-section overlay-pbanner team-approach mt-0\" id=\"opptContainer\">\r\n    <div class=\"container\">\r\n      <div class=\"section-icons\">\r\n        <img decoding=\"async\" src=\"https:\/\/cathcarttechnology.com\/wp-content\/themes\/cathcart\/images\/icons\/discussion-icon.svg\"\r\n             alt=\"Your Opinion\" \/>\r\n      <\/div>\r\n      <h2>Mielipide<\/h2>\r\n      <p>\r\n        Olemme teknologia-alan ytimess\u00e4, ja teemme yhteisty\u00f6t\u00e4 alan johtavien yritysten kanssa. Kannustamme ja tuemme ty\u00f6ntekij\u00f6idemme v\u00e4list\u00e4 keskustelua, jotta pysymme kaikki ajan tasalla alan uusimmista tapahtumista ja ty\u00f6markkinoista.      <\/p>\r\n      <!-- Dropdown for opinion posts on opinion page start -->\r\n      <form name=\"job-filters\" id=\"opptContainer\">\r\n        <div class=\"row opinion-filters pb-4\">\r\n          <div class=\"col-12 col-md-6\">\r\n            <div class=\"select-label\">Luokat<\/div>\r\n            <div class=\"job-type-select\">\r\n              <select name=\"term\">\r\n                <option value=\"All\">Kaikki<\/option>\r\n                                  <option value=\"Events\"  >Tapahtumat<\/option>\r\n                                    <option value=\"News\"  >Uutiset<\/option>\r\n                                    <option value=\"Opinions\"  >Mielipiteet<\/option>\r\n                                    <option value=\"Podcasts\"  >Podcastit<\/option>\r\n                                <\/select>\r\n            <\/div>\r\n          <\/div>\r\n          <div class=\"col-12 col-md-6\">\r\n            <div class=\"select-label\">Laatija<\/div>\r\n            <div class=\"job-type-select\">\r\n              <select name=\"author\">\r\n                <option value=\"KAIf\">Kaikki<\/option>\r\n                                  <option value=\"WFtA\"  >Matthew Macalpine<\/option>\r\n                                    <option value=\"UA==\"  >Gordon Kaye<\/option>\r\n                                    <option value=\"WF4=\"  >Sam Wason<\/option>\r\n                                    <option value=\"WFpG\"  >Lewis Paterson<\/option>\r\n                                    <option value=\"Wlk=\"  >Hamish Niven<\/option>\r\n                                    <option value=\"WFtG\"  >Molly Candlish<\/option>\r\n                                <\/select>\r\n            <\/div>\r\n          <\/div>\r\n        <\/div>\r\n        <div class=\"text-center\">\r\n          <button type=\"submit\" class=\"secondary-btn\" >Suodata<\/button>\r\n        <\/div>\r\n      <\/form>\r\n        <!-- Dropdown for opinion posts on opinion page end -->\r\n\r\n    <\/div>\r\n    <!-- Opinion new layout structure for grid-->\r\n    <section class=\"opinion-grid\">\r\n      <div class=\"container pb-4\">\r\n\r\n        \r\n                  <div class=\"section-item\">\r\n            <div class=\"flex_box\">\r\n              <div class=\"card\">\r\n                <div class=\"card-image-wrapper\">\r\n                  <img decoding=\"async\" src=\"https:\/\/cathcarttechnology.com\/wp-content\/uploads\/2026\/04\/ai-in-the-am-logo-1.png\" class=\"card-img-top\" alt=\"...\" \/>\r\n                  <div class=\"white-box\">\r\n                    <a href=\"https:\/\/cathcarttechnology.com\/fi\/insights\/ai-in-the-am\/\">\r\n                      <img decoding=\"async\" src=\"\/wp-content\/themes\/cathcart\/images\/icons\/right-arrow.svg\">\r\n                    <\/a>\r\n                  <\/div>\r\n                <\/div>\r\n                <div class=\"card-body\">\r\n                  <h4 class=\"card-title\">\r\n                    <a href=\"https:\/\/cathcarttechnology.com\/fi\/insights\/ai-in-the-am\/\">\r\n                      AI in the AM                    <\/a>\r\n                  <\/h4>\r\n\r\n                  <div class=\"card-text\">01.04.26 | Article by Matt Macalpine                    <a href=\"https:\/\/cathcarttechnology.com\/fi\/team\/matthew-macalpine\/\" class=\"blue-text-link\">Matthew Macalpine                    <\/a>\r\n                  <\/div>\r\n                <\/div>\r\n              <\/div>\r\n            <\/div>\r\n          <\/div>\r\n                  <div class=\"section-item\">\r\n            <div class=\"flex_box\">\r\n              <div class=\"card\">\r\n                <div class=\"card-image-wrapper\">\r\n                  <img decoding=\"async\" src=\"https:\/\/cathcarttechnology.com\/wp-content\/uploads\/2025\/11\/highres_531265441.avif\" class=\"card-img-top\" alt=\"...\" \/>\r\n                  <div class=\"white-box\">\r\n                    <a href=\"https:\/\/cathcarttechnology.com\/fi\/insights\/tech-for-systers\/\">\r\n                      <img decoding=\"async\" src=\"\/wp-content\/themes\/cathcart\/images\/icons\/right-arrow.svg\">\r\n                    <\/a>\r\n                  <\/div>\r\n                <\/div>\r\n                <div class=\"card-body\">\r\n                  <h4 class=\"card-title\">\r\n                    <a href=\"https:\/\/cathcarttechnology.com\/fi\/insights\/tech-for-systers\/\">\r\n                      Tech, for Systers!                    <\/a>\r\n                  <\/h4>\r\n\r\n                  <div class=\"card-text\">19.11.25 | Article by Gordon Kaye                    <a href=\"https:\/\/cathcarttechnology.com\/fi\/team\/gordon-kaye\/\" class=\"blue-text-link\">Gordon Kaye                    <\/a>\r\n                  <\/div>\r\n                <\/div>\r\n              <\/div>\r\n            <\/div>\r\n          <\/div>\r\n                  <div class=\"section-item\">\r\n            <div class=\"flex_box\">\r\n              <div class=\"card\">\r\n                <div class=\"card-image-wrapper\">\r\n                  <img decoding=\"async\" src=\"https:\/\/cathcarttechnology.com\/wp-content\/uploads\/2025\/11\/High-res-Cathcart-logo.jpeg\" class=\"card-img-top\" alt=\"...\" \/>\r\n                  <div class=\"white-box\">\r\n                    <a href=\"https:\/\/cathcarttechnology.com\/fi\/insights\/the-hottest-jobs-in-tech\/\">\r\n                      <img decoding=\"async\" src=\"\/wp-content\/themes\/cathcart\/images\/icons\/right-arrow.svg\">\r\n                    <\/a>\r\n                  <\/div>\r\n                <\/div>\r\n                <div class=\"card-body\">\r\n                  <h4 class=\"card-title\">\r\n                    <a href=\"https:\/\/cathcarttechnology.com\/fi\/insights\/the-hottest-jobs-in-tech\/\">\r\n                      The Hottest Jobs in Tech!                    <\/a>\r\n                  <\/h4>\r\n\r\n                  <div class=\"card-text\">18.11.25 | Article by Gordon Kaye                    <a href=\"https:\/\/cathcarttechnology.com\/fi\/team\/gordon-kaye\/\" class=\"blue-text-link\">Gordon Kaye                    <\/a>\r\n                  <\/div>\r\n                <\/div>\r\n              <\/div>\r\n            <\/div>\r\n          <\/div>\r\n                  <div class=\"section-item\">\r\n            <div class=\"flex_box\">\r\n              <div class=\"card\">\r\n                <div class=\"card-image-wrapper\">\r\n                  <img decoding=\"async\" src=\"https:\/\/cathcarttechnology.com\/wp-content\/uploads\/2025\/06\/ChatGPT-Image-Jun-16-2025-03_37_23-PM.png\" class=\"card-img-top\" alt=\"...\" \/>\r\n                  <div class=\"white-box\">\r\n                    <a href=\"https:\/\/cathcarttechnology.com\/fi\/insights\/more-unicorns-fewer-exits-the-uks-tech-dilemma\/\">\r\n                      <img decoding=\"async\" src=\"\/wp-content\/themes\/cathcart\/images\/icons\/right-arrow.svg\">\r\n                    <\/a>\r\n                  <\/div>\r\n                <\/div>\r\n                <div class=\"card-body\">\r\n                  <h4 class=\"card-title\">\r\n                    <a href=\"https:\/\/cathcarttechnology.com\/fi\/insights\/more-unicorns-fewer-exits-the-uks-tech-dilemma\/\">\r\n                      More Unicorns, Fewer Exits: The UK\u2019s Tech Dilemma                    <\/a>\r\n                  <\/h4>\r\n\r\n                  <div class=\"card-text\">16.06.25 | Article by                    <a href=\"https:\/\/cathcarttechnology.com\/fi\/team\/matthew-macalpine\/\" class=\"blue-text-link\">Matthew Macalpine                    <\/a>\r\n                  <\/div>\r\n                <\/div>\r\n              <\/div>\r\n            <\/div>\r\n          <\/div>\r\n                  <div class=\"section-item\">\r\n            <div class=\"flex_box\">\r\n              <div class=\"card\">\r\n                <div class=\"card-image-wrapper\">\r\n                  <img decoding=\"async\" src=\"https:\/\/cathcarttechnology.com\/wp-content\/uploads\/2025\/04\/bf5e10eb-7227-4f40-996d-fcc813921f65.png\" class=\"card-img-top\" alt=\"...\" \/>\r\n                  <div class=\"white-box\">\r\n                    <a href=\"https:\/\/cathcarttechnology.com\/fi\/insights\/ai-isnt-going-to-replace-your-job-its-going-to-improve-it\/\">\r\n                      <img decoding=\"async\" src=\"\/wp-content\/themes\/cathcart\/images\/icons\/right-arrow.svg\">\r\n                    <\/a>\r\n                  <\/div>\r\n                <\/div>\r\n                <div class=\"card-body\">\r\n                  <h4 class=\"card-title\">\r\n                    <a href=\"https:\/\/cathcarttechnology.com\/fi\/insights\/ai-isnt-going-to-replace-your-job-its-going-to-improve-it\/\">\r\n                      AI isn\u2019t going to replace your job it\u2019s going to improve it!                    <\/a>\r\n                  <\/h4>\r\n\r\n                  <div class=\"card-text\">08.04.25 | Article by Matthew Macalpine                    <a href=\"https:\/\/cathcarttechnology.com\/fi\/team\/matthew-macalpine\/\" class=\"blue-text-link\">Matthew Macalpine                    <\/a>\r\n                  <\/div>\r\n                <\/div>\r\n              <\/div>\r\n            <\/div>\r\n          <\/div>\r\n                  <div class=\"section-item\">\r\n            <div class=\"flex_box\">\r\n              <div class=\"card\">\r\n                <div class=\"card-image-wrapper\">\r\n                  <img decoding=\"async\" src=\"https:\/\/cathcarttechnology.com\/wp-content\/uploads\/2025\/03\/DALL\u00b7E-2025-03-17-16.36.27-A-close-up-photo-of-hands-using-a-hand-plane-to-carve-wood.-Focus-on-the-hands-and-the-tool-with-wood-shavings-curling-off-the-surface.-Warm-lighting.webp\" class=\"card-img-top\" alt=\"...\" \/>\r\n                  <div class=\"white-box\">\r\n                    <a href=\"https:\/\/cathcarttechnology.com\/fi\/insights\/llms-are-no-replacement-for-human-intuition-and-experience\/\">\r\n                      <img decoding=\"async\" src=\"\/wp-content\/themes\/cathcart\/images\/icons\/right-arrow.svg\">\r\n                    <\/a>\r\n                  <\/div>\r\n                <\/div>\r\n                <div class=\"card-body\">\r\n                  <h4 class=\"card-title\">\r\n                    <a href=\"https:\/\/cathcarttechnology.com\/fi\/insights\/llms-are-no-replacement-for-human-intuition-and-experience\/\">\r\n                      LLMs are no replacement for human intuition and experience                    <\/a>\r\n                  <\/h4>\r\n\r\n                  <div class=\"card-text\">17.03.25 | Article by                    <a href=\"https:\/\/cathcarttechnology.com\/fi\/team\/sam-wason\/\" class=\"blue-text-link\">Sam Wason                    <\/a>\r\n                  <\/div>\r\n                <\/div>\r\n              <\/div>\r\n            <\/div>\r\n          <\/div>\r\n                  <div class=\"section-item\">\r\n            <div class=\"flex_box\">\r\n              <div class=\"card\">\r\n                <div class=\"card-image-wrapper\">\r\n                  <img decoding=\"async\" src=\"https:\/\/cathcarttechnology.com\/wp-content\/uploads\/2025\/03\/ac5ab59c-5d3a-4b30-be50-ce0d9bb627ca.webp\" class=\"card-img-top\" alt=\"...\" \/>\r\n                  <div class=\"white-box\">\r\n                    <a href=\"https:\/\/cathcarttechnology.com\/fi\/insights\/devops-hiring-in-scotland-fewer-jobs-more-automation-and-a-lot-more-terraform\/\">\r\n                      <img decoding=\"async\" src=\"\/wp-content\/themes\/cathcart\/images\/icons\/right-arrow.svg\">\r\n                    <\/a>\r\n                  <\/div>\r\n                <\/div>\r\n                <div class=\"card-body\">\r\n                  <h4 class=\"card-title\">\r\n                    <a href=\"https:\/\/cathcarttechnology.com\/fi\/insights\/devops-hiring-in-scotland-fewer-jobs-more-automation-and-a-lot-more-terraform\/\">\r\n                      DevOps Hiring in Scotland: Fewer Jobs, More Automation\u2026 and a Lot More Terraform                    <\/a>\r\n                  <\/h4>\r\n\r\n                  <div class=\"card-text\">07.03.25 | Article by                    <a href=\"https:\/\/cathcarttechnology.com\/fi\/team\/lpaterson\/\" class=\"blue-text-link\">Lewis Paterson                    <\/a>\r\n                  <\/div>\r\n                <\/div>\r\n              <\/div>\r\n            <\/div>\r\n          <\/div>\r\n                  <div class=\"section-item\">\r\n            <div class=\"flex_box\">\r\n              <div class=\"card\">\r\n                <div class=\"card-image-wrapper\">\r\n                  <img decoding=\"async\" src=\"https:\/\/cathcarttechnology.com\/wp-content\/uploads\/2025\/02\/DALL2.webp\" class=\"card-img-top\" alt=\"...\" \/>\r\n                  <div class=\"white-box\">\r\n                    <a href=\"https:\/\/cathcarttechnology.com\/fi\/insights\/is-product-in-scotland-dead\/\">\r\n                      <img decoding=\"async\" src=\"\/wp-content\/themes\/cathcart\/images\/icons\/right-arrow.svg\">\r\n                    <\/a>\r\n                  <\/div>\r\n                <\/div>\r\n                <div class=\"card-body\">\r\n                  <h4 class=\"card-title\">\r\n                    <a href=\"https:\/\/cathcarttechnology.com\/fi\/insights\/is-product-in-scotland-dead\/\">\r\n                      Is Product in Scotland&#8230; Dead?                    <\/a>\r\n                  <\/h4>\r\n\r\n                  <div class=\"card-text\">28.02.25 | Article by                    <a href=\"https:\/\/cathcarttechnology.com\/fi\/team\/hamish-niven\/\" class=\"blue-text-link\">Hamish Niven                    <\/a>\r\n                  <\/div>\r\n                <\/div>\r\n              <\/div>\r\n            <\/div>\r\n          <\/div>\r\n                  <div class=\"section-item\">\r\n            <div class=\"flex_box\">\r\n              <div class=\"card\">\r\n                <div class=\"card-image-wrapper\">\r\n                  <img decoding=\"async\" src=\"https:\/\/cathcarttechnology.com\/wp-content\/uploads\/2025\/02\/1.webp\" class=\"card-img-top\" alt=\"...\" \/>\r\n                  <div class=\"white-box\">\r\n                    <a href=\"https:\/\/cathcarttechnology.com\/fi\/insights\/tech-interviews-survive-impress-and-get-hired\/\">\r\n                      <img decoding=\"async\" src=\"\/wp-content\/themes\/cathcart\/images\/icons\/right-arrow.svg\">\r\n                    <\/a>\r\n                  <\/div>\r\n                <\/div>\r\n                <div class=\"card-body\">\r\n                  <h4 class=\"card-title\">\r\n                    <a href=\"https:\/\/cathcarttechnology.com\/fi\/insights\/tech-interviews-survive-impress-and-get-hired\/\">\r\n                      Tech Interviews \u2013 Survive, Impress, and Get Hired                    <\/a>\r\n                  <\/h4>\r\n\r\n                  <div class=\"card-text\">28.02.25 | Article by                    <a href=\"https:\/\/cathcarttechnology.com\/fi\/team\/molly-candlish\/\" class=\"blue-text-link\">Molly Candlish                    <\/a>\r\n                  <\/div>\r\n                <\/div>\r\n              <\/div>\r\n            <\/div>\r\n          <\/div>\r\n                  <div class=\"section-item\">\r\n            <div class=\"flex_box\">\r\n              <div class=\"card\">\r\n                <div class=\"card-image-wrapper\">\r\n                  <img decoding=\"async\" src=\"https:\/\/cathcarttechnology.com\/wp-content\/uploads\/2025\/02\/886158ae-dceb-4a4b-9f4c-2e962e7bba0c.webp\" class=\"card-img-top\" alt=\"...\" \/>\r\n                  <div class=\"white-box\">\r\n                    <a href=\"https:\/\/cathcarttechnology.com\/fi\/insights\/good-news-on-for-the-uk-jobs-market-surely-not\/\">\r\n                      <img decoding=\"async\" src=\"\/wp-content\/themes\/cathcart\/images\/icons\/right-arrow.svg\">\r\n                    <\/a>\r\n                  <\/div>\r\n                <\/div>\r\n                <div class=\"card-body\">\r\n                  <h4 class=\"card-title\">\r\n                    <a href=\"https:\/\/cathcarttechnology.com\/fi\/insights\/good-news-on-for-the-uk-jobs-market-surely-not\/\">\r\n                      Good news on for the UK jobs market?? Surely not?                    <\/a>\r\n                  <\/h4>\r\n\r\n                  <div class=\"card-text\">21.02.25 | Article by                    <a href=\"https:\/\/cathcarttechnology.com\/fi\/team\/sam-wason\/\" class=\"blue-text-link\">Sam Wason                    <\/a>\r\n                  <\/div>\r\n                <\/div>\r\n              <\/div>\r\n            <\/div>\r\n          <\/div>\r\n              <\/div>\r\n      <div class=\"container\">\r\n        <div class=\"separatorLine mt-0\" \/>\r\n        <div class=\"opinion-section\">\r\n          <div class=\"opinion-pagination\">\r\n            <div class=\"separatorLine mt-0\" \/>\r\n            <div class=\"bottom-nav \">\r\n              <div class=\"commonArrow anchor-arrow prevArrow firstArrow previous\">\r\n                              <\/div>\r\n              <ul class=\"d-flex justify-content-center align-items-center\">\r\n                <li class=\"\">\r\n                  <!--a class=\"page-numbers commonArrow prevArrow\"> <\/a-->\r\n                                  <\/li>\r\n                <li class=\"\">\r\n                  <span aria-current=\"page\" class=\"page-numbers current\">1<\/span>\n<a class=\"page-numbers\" href=\"https:\/\/cathcarttechnology.com\/fi\/wp-json\/wp\/v2\/pages\/189\/page\/2\/\">2<\/a>\n<a class=\"page-numbers\" href=\"https:\/\/cathcarttechnology.com\/fi\/wp-json\/wp\/v2\/pages\/189\/page\/3\/\">3<\/a>\n<span class=\"page-numbers dots\">&hellip;<\/span>\n<a class=\"page-numbers\" href=\"https:\/\/cathcarttechnology.com\/fi\/wp-json\/wp\/v2\/pages\/189\/page\/10\/\">10<\/a>\n<a class=\"next page-numbers\" href=\"https:\/\/cathcarttechnology.com\/fi\/wp-json\/wp\/v2\/pages\/189\/page\/2\/\">Next &raquo;<\/a>                <\/li>\r\n                <li class=\"\">\r\n                  <a href=\"https:\/\/cathcarttechnology.com\/fi\/wp-json\/wp\/v2\/pages\/189\/page\/2\/\" ><span class=\"page-numbers commonArrow nextArrow\"><\/span><\/a>                <\/li>\r\n              <\/ul>\r\n              <div class=\"commonArrow anchor-arrow nextArrow lastArrow next\"\r\n                   href=\"\">\r\n                <a href=\"https:\/\/cathcarttechnology.com\/fi\/wp-json\/wp\/v2\/pages\/189\/page\/2\/\" >Seuraava<\/a>              <\/div>\r\n            <\/div>\r\n          <\/div>\r\n        <\/div>\r\n                      <\/div>\r\n    <\/section>\r\n    <!-- End of structure-->\r\n  <\/section>\r\n\r\n  <section class=\"opinion-section overlay-pbanner team-approach mt-0\" id=\"opptContainer\">\r\n    <div class=\"container\">\r\n      <div class=\"section-icons\">\r\n        <img decoding=\"async\" src=\"https:\/\/cathcarttechnology.com\/wp-content\/themes\/cathcart\/images\/icons\/podcast-roundel.svg\"\r\n             alt=\"Podcasts\" \/>\r\n      <\/div>\r\n      <h2 class=\"text-center\">Podcasts<\/h2>\r\n      <p>\r\n        <p><a href=\"https:\/\/cathcarttechnology.com\/fi\/how-ai-built-this\/\">Miten teko\u00e4ly rakensi t\u00e4m\u00e4n<\/a> -podcast-sarja kasvattaa edelleen innokasta kuulijakuntaa, ja tuotamme s\u00e4\u00e4nn\u00f6llisesti uusia haastatteluja alan johtavien asiantuntijoiden ja teknologiayritt\u00e4jien kanssa. Lis\u00e4\u00e4 sarja suosikkilistallesi tai siirry aloitussivulle.<\/p>\n      <\/p>\r\n    <\/div>\r\n    <div class=\"ai-banner\">\r\n      <a href=\"https:\/\/cathcarttechnology.com\/fi\/how-ai-built-this\/\">\r\n        <img decoding=\"async\" src=\"https:\/\/cathcarttechnology.com\/wp-content\/uploads\/2022\/03\/ai-banner.png\" alt=\"How AI buit this banner\">\r\n      <\/a>\r\n    <\/div>\r\n  <\/section>\r\n\r\n  \n\n\n<p>[ctct form=&#8221;5993&#8243; show_title=&#8221;false&#8221;]<\/p>\n","protected":false},"excerpt":{"rendered":"","protected":false},"author":1,"featured_media":0,"parent":0,"menu_order":0,"comment_status":"closed","ping_status":"closed","template":"","meta":{"_acf_changed":false,"inline_featured_image":false,"footnotes":""},"class_list":["post-189","page","type-page","status-publish","hentry","entry"],"acf":[],"_links":{"self":[{"href":"https:\/\/cathcarttechnology.com\/fi\/wp-json\/wp\/v2\/pages\/189","targetHints":{"allow":["GET"]}}],"collection":[{"href":"https:\/\/cathcarttechnology.com\/fi\/wp-json\/wp\/v2\/pages"}],"about":[{"href":"https:\/\/cathcarttechnology.com\/fi\/wp-json\/wp\/v2\/types\/page"}],"author":[{"embeddable":true,"href":"https:\/\/cathcarttechnology.com\/fi\/wp-json\/wp\/v2\/users\/1"}],"replies":[{"embeddable":true,"href":"https:\/\/cathcarttechnology.com\/fi\/wp-json\/wp\/v2\/comments?post=189"}],"version-history":[{"count":7,"href":"https:\/\/cathcarttechnology.com\/fi\/wp-json\/wp\/v2\/pages\/189\/revisions"}],"predecessor-version":[{"id":6221,"href":"https:\/\/cathcarttechnology.com\/fi\/wp-json\/wp\/v2\/pages\/189\/revisions\/6221"}],"wp:attachment":[{"href":"https:\/\/cathcarttechnology.com\/fi\/wp-json\/wp\/v2\/media?parent=189"}],"curies":[{"name":"wp","href":"https:\/\/api.w.org\/{rel}","templated":true}]}}