













{"id":5231,"date":"2021-11-09T14:24:49","date_gmt":"2021-11-09T14:24:49","guid":{"rendered":"https:\/\/cathcarttechnology.com\/terms-and-conditions\/"},"modified":"2022-08-04T14:32:29","modified_gmt":"2022-08-04T14:32:29","slug":"terms-and-conditions","status":"publish","type":"page","link":"https:\/\/cathcarttechnology.com\/fi\/terms-and-conditions\/","title":{"rendered":"Ehdot ja edellytykset"},"content":{"rendered":"\n<div class=\"wp-block-columns alignfull has-text-color has-background is-layout-flex wp-container-core-columns-is-layout-9d6595d7 wp-block-columns-is-layout-flex\" style=\"background-color:#ffffff;color:#000000\">\n<div class=\"wp-block-column has-black-color has-text-color is-layout-flow wp-block-column-is-layout-flow\">\n<h2 class=\"wp-block-heading\">K\u00e4ytt\u00f6ehdot<\/h2>\n\n\n\n<p>1. Cathcart Associates toimii Ison-Britannian The Employment Agencies Act 1973 -lain mukaan ty\u00f6voimayrityksen\u00e4 ja sin\u00e4, ehdokas, valtuutat Cathcart Associatesin hakemaan ty\u00f6t\u00e4 tai v\u00e4liaikaisia toimeksiantoja puolestasi.<\/p>\n\n\n\n<p>2. Kun hakija on toimittanut t\u00e4ydellisen ja huolellisesti t\u00e4ytetyn ansioluettelon, Cathcart Associates etsii oman harkintansa mukaan sopivia ty\u00f6paikkoja tai v\u00e4liaikaisia teht\u00e4vi\u00e4 hakijan puolesta.<\/p>\n\n\n\n<p>3. Ehdokas suostuu paljastamaan kaikki asiaankuuluvat tiedot (joita voidaan kohtuudella vaatia mink\u00e4 tahansa hakemuksen k\u00e4sittelyn nopeuttamiseksi), mukaan lukien muun muassa kopiot henkil\u00f6llisyydest\u00e4, p\u00e4tevyydest\u00e4, luvista ja\/tai referenssit.<\/p>\n\n\n\n<p>4. Cathcart Associates ei ole velvollinen etsim\u00e4\u00e4n hakijalle ty\u00f6t\u00e4 tai v\u00e4liaikaisia teht\u00e4vi\u00e4.<\/p>\n\n\n\n<p>5. L\u00e4hett\u00e4m\u00e4ll\u00e4 ansioluettelosi annat suostumuksesi siihen, ett\u00e4 Cathcart Associates ker\u00e4\u00e4, yll\u00e4pit\u00e4\u00e4, k\u00e4ytt\u00e4\u00e4 ja luovuttaa sinua koskevia henkil\u00f6kohtaisia ja arkaluonteisia tietoja, jotka sin\u00e4 tai joku muu henkil\u00f6 on antanut sinusta n\u00e4iden ehtojen mukaisesti.<\/p>\n\n\n\n<p>6. Miten k\u00e4yt\u00e4mme tietojasi?<\/p>\n\n\n\n<p>P\u00e4\u00e4tavoitteemme on helpottaa rekrytointiprosessia sek\u00e4 asiakkaillemme ett\u00e4 ehdokkaillemme. Jotta voimme tarjota sinulle tuotteitamme ja palveluitamme, s\u00e4ilyt\u00e4mme, k\u00e4sittelemme ja luovutamme tietojasi seuraavilla tavoilla:<\/p>\n\n\n\n<ul class=\"wp-block-list\"><li>Helpottaa rekrytointiprosessia yhdist\u00e4m\u00e4ll\u00e4 tietosi ty\u00f6mahdollisuuksiin;<\/li><li>Jotta sinut voidaan pit\u00e4\u00e4 ajan tasalla avoimista ty\u00f6paikoista &#8220;Ty\u00f6paikat s\u00e4hk\u00f6postitse&#8221; -palvelumme kautta. T\u00e4m\u00e4n palvelun avulla voit saada s\u00e4hk\u00f6postitse tietoja uusimmista ty\u00f6paikoista, jotka sopivat osaamiseesi. Jos sinulle l\u00e4hetet\u00e4\u00e4n tietoja ty\u00f6st\u00e4 &#8220;Ty\u00f6paikat s\u00e4hk\u00f6postitse&#8221; -palvelun kautta, voit peruuttaa tilauksen milloin tahansa hello@cathcartassociates.com;<\/li><li>Pit\u00e4\u00e4ksemme sinut ajan tasalla ty\u00f6mahdollisuuksista ja ty\u00f6teht\u00e4vist\u00e4, joiden uskomme kiinnostavan sinua;<\/li><li>Pit\u00e4\u00e4ksemme sinut ajan tasalla tuotteista ja palveluista (jotka liittyv\u00e4t toimialaasi ja ammatillisiin kiinnostuksen kohteisiisi), joita tarjoamme asiaankuuluvan markkinointiviestinn\u00e4n kautta. N\u00e4it\u00e4 voivat olla esimerkiksi tiedot \u00e4skett\u00e4in rekister\u00f6idyist\u00e4 ehdokkaista tai v\u00e4liaikaisista konsulteista, j\u00e4rjest\u00e4mist\u00e4mme asiakasty\u00f6pajoista, markkinap\u00e4ivityksist\u00e4, uusista ohjelmistoista tai koulutuksista, jotka saattavat kiinnostaa sinua;<\/li><li>S\u00e4ilytt\u00e4\u00e4ksemme liikesuhteemme sinuun verkkosivustomme k\u00e4ytt\u00e4j\u00e4n\u00e4;<\/li><li>Ilmoittaaksemme sinulle palvelumuutoksista.<\/li><\/ul>\n<\/div>\n<\/div>\n","protected":false},"excerpt":{"rendered":"<p>K\u00e4ytt\u00f6ehdot 1. Cathcart Associates toimii Ison-Britannian The Employment Agencies Act 1973 -lain mukaan ty\u00f6voimayrityksen\u00e4 ja sin\u00e4, ehdokas, valtuutat Cathcart Associatesin hakemaan ty\u00f6t\u00e4 tai v\u00e4liaikaisia toimeksiantoja puolestasi. 2. Kun hakija on toimittanut t\u00e4ydellisen ja huolellisesti t\u00e4ytetyn ansioluettelon, Cathcart Associates etsii oman harkintansa mukaan sopivia ty\u00f6paikkoja tai v\u00e4liaikaisia teht\u00e4vi\u00e4 hakijan puolesta. 3. Ehdokas suostuu paljastamaan kaikki asiaankuuluvat&hellip; <a class=\"more-link\" href=\"https:\/\/cathcarttechnology.com\/fi\/terms-and-conditions\/\">Continue reading <span class=\"screen-reader-text\">Ehdot ja edellytykset<\/span><\/a><\/p>\n","protected":false},"author":1,"featured_media":0,"parent":0,"menu_order":0,"comment_status":"closed","ping_status":"closed","template":"","meta":{"_acf_changed":false,"inline_featured_image":false,"footnotes":""},"class_list":["post-5231","page","type-page","status-publish","hentry","entry"],"acf":[],"_links":{"self":[{"href":"https:\/\/cathcarttechnology.com\/fi\/wp-json\/wp\/v2\/pages\/5231","targetHints":{"allow":["GET"]}}],"collection":[{"href":"https:\/\/cathcarttechnology.com\/fi\/wp-json\/wp\/v2\/pages"}],"about":[{"href":"https:\/\/cathcarttechnology.com\/fi\/wp-json\/wp\/v2\/types\/page"}],"author":[{"embeddable":true,"href":"https:\/\/cathcarttechnology.com\/fi\/wp-json\/wp\/v2\/users\/1"}],"replies":[{"embeddable":true,"href":"https:\/\/cathcarttechnology.com\/fi\/wp-json\/wp\/v2\/comments?post=5231"}],"version-history":[{"count":2,"href":"https:\/\/cathcarttechnology.com\/fi\/wp-json\/wp\/v2\/pages\/5231\/revisions"}],"predecessor-version":[{"id":5787,"href":"https:\/\/cathcarttechnology.com\/fi\/wp-json\/wp\/v2\/pages\/5231\/revisions\/5787"}],"wp:attachment":[{"href":"https:\/\/cathcarttechnology.com\/fi\/wp-json\/wp\/v2\/media?parent=5231"}],"curies":[{"name":"wp","href":"https:\/\/api.w.org\/{rel}","templated":true}]}}