













{"id":5233,"date":"2022-06-15T16:33:37","date_gmt":"2022-06-15T16:33:37","guid":{"rendered":"https:\/\/cathcarttechnology.com\/?page_id=5233"},"modified":"2022-08-04T14:31:42","modified_gmt":"2022-08-04T14:31:42","slug":"cookie-policy","status":"publish","type":"page","link":"https:\/\/cathcarttechnology.com\/fi\/cookie-policy\/","title":{"rendered":"Ev\u00e4stek\u00e4yt\u00e4nt\u00f6"},"content":{"rendered":"\n<div class=\"wp-block-columns alignfull has-text-color has-background is-layout-flex wp-container-core-columns-is-layout-9d6595d7 wp-block-columns-is-layout-flex\" style=\"background-color:#ffffff;color:#000000\">\n<div class=\"wp-block-column has-black-color has-text-color is-layout-flow wp-block-column-is-layout-flow\">\n<h2 class=\"wp-block-heading\">Ev\u00e4stek\u00e4yt\u00e4nt\u00f6<\/h2>\n\n\n\n<p><strong>1 Johdanto<\/strong><\/p>\n\n\n\n<p><strong>1.1\u00a0<\/strong>Cathcart Associates Ltd ymm\u00e4rt\u00e4\u00e4, ett\u00e4 yksityisyytesi on sinulle t\u00e4rke\u00e4\u00e4 ja ett\u00e4 v\u00e4lit\u00e4t siit\u00e4, miten henkil\u00f6tietojasi k\u00e4ytet\u00e4\u00e4n. Kunnioitamme ja arvostamme kaikkien t\u00e4ll\u00e4 verkkosivustolla www.cathcartassociates.com(&#8220;Sivustomme&#8221;) vierailevien yksityisyytt\u00e4 ja ker\u00e4\u00e4mme ja k\u00e4yt\u00e4mme henkil\u00f6tietoja vain t\u00e4ss\u00e4 kuvatuilla tavoilla ja tavalla, joka on yhdenmukainen velvoitteidemme ja lakis\u00e4\u00e4teisten oikeuksiesi kanssa.<\/p>\n\n\n\n<p><strong>1.2<\/strong>\u00a0Lue t\u00e4m\u00e4 k\u00e4yt\u00e4nt\u00f6 huolellisesti ja varmista, ett\u00e4 ymm\u00e4rr\u00e4t sen. T\u00e4m\u00e4n k\u00e4yt\u00e4nn\u00f6n hyv\u00e4ksyminen katsotaan tapahtuvan, kun k\u00e4yt\u00e4t &#8220;Sivustoamme&#8221; ensimm\u00e4isen kerran. Jos et hyv\u00e4ksy ja ole samaa mielt\u00e4 t\u00e4m\u00e4n k\u00e4yt\u00e4nn\u00f6n kanssa, sinun on lopetettava sivustomme k\u00e4ytt\u00f6 v\u00e4litt\u00f6m\u00e4sti.<\/p>\n\n\n\n<p><strong>2 SOVELTAMISALA<\/strong><\/p>\n\n\n\n<p><strong>2.1<\/strong>\u00a0T\u00e4m\u00e4 verkkosivusto<a href=\"http:\/\/www.cathcarttechnology.com\/\">www.cathcarttechnology.com<\/a>\u00a0 &#8220;Sivustomme&#8221; k\u00e4ytt\u00e4\u00e4 ev\u00e4steit\u00e4 ja vastaavia tekniikoita yksil\u00f6id\u00e4kseen sinut muista k\u00e4ytt\u00e4jist\u00e4. K\u00e4ytt\u00e4m\u00e4ll\u00e4 ev\u00e4steit\u00e4 voimme tarjota sinulle paremman k\u00e4ytt\u00f6kokemuksen ja parantaa sivustoamme ymm\u00e4rt\u00e4m\u00e4ll\u00e4 paremmin, miten k\u00e4yt\u00e4t sit\u00e4. Ev\u00e4steet ovat tunnisteiden kaltaisia yksil\u00f6llisi\u00e4 tunnistenumeroita, jotka sijoitetaan verkkosivuston k\u00e4ytt\u00e4jien selaimeen. N\u00e4it\u00e4 ev\u00e4steit\u00e4 k\u00e4ytet\u00e4\u00e4n tietojen s\u00e4ilytt\u00e4miseen, jotta k\u00e4ytt\u00f6kokemuksestasi voidaan tehd\u00e4 mukavampi ja henkil\u00f6kohtaisempi. Kaiken kaikkiaan ev\u00e4steet auttavat meit\u00e4 tarjoamaan sinulle paremman verkkosivuston, sill\u00e4 niiden avulla voimme seurata, mitk\u00e4 sivut ovat mielest\u00e4si hy\u00f6dyllisi\u00e4 ja mitk\u00e4 eiv\u00e4t. Ev\u00e4ste ei mill\u00e4\u00e4n tavoin anna meille p\u00e4\u00e4sy\u00e4 tietokoneeseesi tai muita tietoja sinusta kuin ne tiedot, jotka haluat jakaa kanssamme. Voit hyv\u00e4ksy\u00e4 tai hyl\u00e4t\u00e4 ev\u00e4steet. Ev\u00e4steiden hylk\u00e4\u00e4minen voi kuitenkin est\u00e4\u00e4 sinua hy\u00f6dynt\u00e4m\u00e4st\u00e4 verkkosivustoa t\u00e4ysim\u00e4\u00e4r\u00e4isesti. Lue t\u00e4m\u00e4 ev\u00e4stek\u00e4yt\u00e4nt\u00f6 huolellisesti ja varmista ett\u00e4 ymm\u00e4rr\u00e4t sen. Ev\u00e4stek\u00e4yt\u00e4nt\u00f6mme katsotaan hyv\u00e4ksytyksi, jos jatkat Sivustomme k\u00e4ytt\u00f6\u00e4<strong>.\u00a0<\/strong>Jos et hyv\u00e4ksy ev\u00e4stek\u00e4yt\u00e4nt\u00f6\u00e4mme, lopeta sivustomme k\u00e4ytt\u00f6 v\u00e4litt\u00f6m\u00e4sti. Kaikki verkkosivuillamme vierailevat rekister\u00f6idyt, joiden henkil\u00f6tietoja ker\u00e4t\u00e4\u00e4n yleisen tietosuoja-asetuksen vaatimusten mukaisesti.<\/p>\n\n\n\n<p><strong>3 Vastuut<\/strong><\/p>\n\n\n\n<p><strong>3.1<\/strong>\u00a0Tietosuojavastaava on vastuussa sen varmistamisesta, ett\u00e4 t\u00e4m\u00e4 ilmoitus on rekister\u00f6ityjen saatavilla, kun he vierailevat verkkosivustollamme, jossa henkil\u00f6tietoja voidaan ker\u00e4t\u00e4\/k\u00e4sitell\u00e4, kuten t\u00e4m\u00e4n k\u00e4yt\u00e4nn\u00f6n kohdassa 7 on esitetty.<\/p>\n\n\n\n<p><strong>3.2<\/strong>\u00a0Kaikki sopimuksen tehneet tietosuojak\u00e4sittelij\u00e4mme (mukaan lukien alihankintana toimivat tietosuojak\u00e4sittelij\u00e4t ja muut kolmannet osapuolet sek\u00e4 kaikki heid\u00e4n ty\u00f6ntekij\u00e4ns\u00e4\/henkil\u00f6kuntansa), jotka ovat vuorovaikutuksessa verkkosivustomme ev\u00e4steisiin liittyvien henkil\u00f6tietojen kanssa, ovat vastuussa sen varmistamisesta, ett\u00e4 t\u00e4m\u00e4 ilmoitus saatetaan rekister\u00f6idyn tietoon.<\/p>\n\n\n\n<p><strong>4 M\u00e4\u00e4ritelm\u00e4t ja tulkinta<\/strong><\/p>\n\n\n\n<p>Ellei asiayhteys muuta edellyt\u00e4, t\u00e4ss\u00e4 ev\u00e4stek\u00e4yt\u00e4nn\u00f6ss\u00e4 seuraavilla ilmauksilla on seuraavat merkitykset:\u00a0<strong>&#8220;Ev\u00e4stelailla&#8221;<\/strong>\u00a0tarkoittaa pient\u00e4 tiedostoa, jonka sivustomme sijoittaa tietokoneellesi tai laitteellesi, kun vierailet tietyiss\u00e4 sivustomme osissa ja\/tai kun k\u00e4yt\u00e4t tiettyj\u00e4 sivustomme ominaisuuksia; <strong>&#8220;Ev\u00e4stek\u00e4yt\u00e4nt\u00f6&#8221;<\/strong>\u00a0 tarkoittaa vuoden 2003 tietosuoja- ja s\u00e4hk\u00f6isen viestinn\u00e4n (EY-direktiivi) asetusten [ja EU:n asetuksen (EU) N:o 2016\/679 yleisen tietosuoja-asetuksen (GDPR)] asiaankuuluvia osia;\u00a0<strong>&#8220;Henkil\u00f6tiedot&#8221;<\/strong>\u00a0 tarkoittaa [vuoden 1998 tietosuojalaissa] TAI [EU:n asetuksessa 2016\/679 yleisest\u00e4 tietosuoja-asetuksesta (&#8220;GDPR&#8221;)] m\u00e4\u00e4ritellyll\u00e4 tavalla kaikkia tietoja, jotka liittyv\u00e4t tunnistettavissa olevaan henkil\u00f6\u00f6n, joka voidaan suoraan tai ep\u00e4suorasti tunnistaa n\u00e4iden tietojen perusteella; ja\u00a0<strong>&#8220;Me\/meit\u00e4\/meid\u00e4n&#8221;<\/strong> tarkoittaa Cathcart Associates Ltd:t\u00e4, Skotlannissa yritysnumerolla SC366569 rekister\u00f6ity\u00e4 osakeyhti\u00f6t\u00e4, jonka rekister\u00f6ity osoite on 40 George St, Edinburgh, EH2 2LE.<\/p>\n\n\n\n<p><strong>5 Tietoa meist\u00e4<\/strong><\/p>\n\n\n\n<p><strong>5.1<\/strong>\u00a0Sivustomme yll\u00e4pit\u00e4j\u00e4 on Cathcart Associates Ltd, Skotlannissa yritysnumerolla SC366569 rekister\u00f6ity osakeyhti\u00f6, jonka rekister\u00f6ity osoite on 40 George St, Edinburgh, EH2 2LE.<\/p>\n\n\n\n<p><strong>5.2<\/strong>\u00a0Tietosuojavastaavamme on Bevin Gosling, h\u00e4neen voi ottaa yhteytt\u00e4 s\u00e4hk\u00f6postitse bevin.gosling@cathcartassociates.com, puhelimitse 0131 510 1500 tai postitse osoitteeseen 40 George St, Edinburgh, EH2 2LE<strong>.<\/strong><\/p>\n\n\n\n<p><strong>6 Miten sivustomme k\u00e4ytt\u00e4\u00e4 ev\u00e4steit\u00e4?<\/strong><\/p>\n\n\n\n<p><strong>6.1<\/strong>\u00a0Sivustomme voi sijoittaa tietokoneellesi tai laitteellesi tiettyj\u00e4 ensimm\u00e4isen osapuolen ev\u00e4steit\u00e4 ja k\u00e4ytt\u00e4\u00e4 niit\u00e4. Ensimm\u00e4isen osapuolen ev\u00e4steet ovat suoraan meid\u00e4n asettamiamme ev\u00e4steit\u00e4, joita me vain k\u00e4yt\u00e4mme. K\u00e4yt\u00e4mme ev\u00e4steit\u00e4 helpottaaksemme ja parantaaksemme sivuston k\u00e4ytt\u00f6kokemustasi sek\u00e4 tarjotaksemme ja parantaaksemme tuotteitamme. Olemme valinneet n\u00e4m\u00e4 ev\u00e4steet huolellisesti ja varmistaneet, ett\u00e4 yksityisyytt\u00e4si ja henkil\u00f6tietojasi suojellaan ja kunnioitetaan aina.<\/p>\n\n\n\n<p><strong>6.2<\/strong>\u00a0K\u00e4ytt\u00e4ess\u00e4si sivustoamme saatat saada my\u00f6s tiettyj\u00e4 kolmannen osapuolen ev\u00e4steit\u00e4 tietokoneellesi tai laitteellesi. Kolmannen osapuolen ev\u00e4steet ovat sivustojen, palveluiden ja\/tai muiden osapuolten kuin meid\u00e4n asettamiamme ev\u00e4steit\u00e4.<\/p>\n\n\n\n<p><strong>6.3<\/strong>\u00a0Kaikkia sivustollamme k\u00e4ytettyj\u00e4 ev\u00e4steit\u00e4 k\u00e4ytet\u00e4\u00e4n nykyisen ev\u00e4stelain mukaisesti.<\/p>\n\n\n\n<p><strong>6.3.1 V\u00e4ltt\u00e4m\u00e4tt\u00f6m\u00e4t ev\u00e4steet<\/strong><\/p>\n\n\n\n<p>Ev\u00e4ste kuuluu t\u00e4h\u00e4n kategoriaan, jos se on v\u00e4ltt\u00e4m\u00e4t\u00f6n sivustomme toiminnalle ja tukee toimintoja, kuten kirjautumista, ostoskoria ja maksutapahtumia.<\/p>\n\n\n\n<p><strong>6.3.2 Analyysiev\u00e4steet<\/strong><\/p>\n\n\n\n<p>Meille on t\u00e4rke\u00e4\u00e4 ymm\u00e4rt\u00e4\u00e4, miten k\u00e4yt\u00e4t sivustoamme, esimerkiksi kuinka tehokkaasti pystyt navigoimaan siin\u00e4 ja mit\u00e4 ominaisuuksia k\u00e4yt\u00e4t. Analyysiev\u00e4steet mahdollistavat n\u00e4iden tietojen ker\u00e4\u00e4misen, mik\u00e4 auttaa meit\u00e4 parantamaan sivustoamme ja k\u00e4ytt\u00f6kokemustasi.<\/p>\n\n\n\n<p><strong>6.3.3 Toiminnalliset ev\u00e4steet<\/strong><\/p>\n\n\n\n<p>Toiminnallisuuden ev\u00e4steiden avulla voimme tarjota sinulle lis\u00e4toimintoja sivustollamme, kuten yksil\u00f6inti\u00e4 ja muistaa tallennetut asetuksesi. Jotkin toiminnallisuuden ev\u00e4steet voivat my\u00f6s olla v\u00e4ltt\u00e4m\u00e4tt\u00f6mi\u00e4 ev\u00e4steit\u00e4, mutta kaikki eiv\u00e4t v\u00e4ltt\u00e4m\u00e4tt\u00e4 kuulu t\u00e4h\u00e4n luokkaan.<\/p>\n\n\n\n<p><strong>6.3.3.1.1 Kohdistetut ev\u00e4steet<\/strong><\/p>\n\n\n\n<p>Meille on t\u00e4rke\u00e4\u00e4 tiet\u00e4\u00e4, milloin ja kuinka usein vierailet sivustollamme ja mit\u00e4 sen osia olet k\u00e4ytt\u00e4nyt (mukaan lukien sivut, joilla olet vieraillut ja linkit, joihin olet tutustunut). Kuten analyysiev\u00e4steiden kohdalla, n\u00e4m\u00e4 tiedot auttavat meit\u00e4 ymm\u00e4rt\u00e4m\u00e4\u00e4n sinua paremmin ja tekem\u00e4\u00e4n sivustostamme ja mainonnastamme kiinnostuksen kohteisiisi sopivampia. [Joitakin ev\u00e4steiden avulla ker\u00e4ttyj\u00e4 tietoja voidaan jakaa my\u00f6s kolmansien osapuolten kanssa].<\/p>\n\n\n\n<p><strong>6.3.3.1.2 Kolmannen osapuolen ev\u00e4steet<\/strong><\/p>\n\n\n\n<p>Kolmannen osapuolen ev\u00e4steet eiv\u00e4t ole meid\u00e4n asettamiamme, vaan niit\u00e4 asettavat kolmannet osapuolet, jotka tarjoavat palveluja meille ja\/tai sinulle. Kolmannen osapuolen ev\u00e4steit\u00e4 voivat k\u00e4ytt\u00e4\u00e4 mainospalvelut tarjotakseen sinulle r\u00e4\u00e4t\u00e4l\u00f6ity\u00e4 mainontaa sivustollamme tai kolmannet osapuolet, jotka tarjoavat analyysipalveluja meille (n\u00e4m\u00e4 ev\u00e4steet toimivat samalla tavalla kuin edell\u00e4 kuvatut analyysiev\u00e4steet).<\/p>\n\n\n\n<p><strong>6.3.3.1.3 Pysyv\u00e4t ev\u00e4steet<\/strong>\u00a0Mik\u00e4 tahansa edell\u00e4 mainituista ev\u00e4stetyypeist\u00e4 voi olla pysyv\u00e4 ev\u00e4ste. Pysyv\u00e4t ev\u00e4steet ovat ev\u00e4steit\u00e4, jotka j\u00e4\u00e4v\u00e4t tietokoneellesi tai laitteellesi ennalta m\u00e4\u00e4r\u00e4tyksi ajaksi ja aktivoituvat joka kerta, kun vierailet sivustollamme.<\/p>\n\n\n\n<p><strong>6.3.3.1.4 Istuntoev\u00e4steet<\/strong>\u00a0Mik\u00e4 tahansa edell\u00e4 mainituista ev\u00e4stetyypeist\u00e4 voi olla istuntoev\u00e4ste. Istuntoev\u00e4steet ovat tilap\u00e4isi\u00e4 ja ne pysyv\u00e4t tietokoneellasi tai laitteellasi vain siit\u00e4 l\u00e4htien, kun vierailet sivustollamme, siihen asti, kun suljet selaimesi. Istuntoev\u00e4steet poistetaan, kun suljet selaimen.<\/p>\n\n\n\n<p><strong>6.3.4<\/strong>\u00a0Sivustomme ev\u00e4steet eiv\u00e4t ole pysyvi\u00e4, ja niiden voimassaolo p\u00e4\u00e4ttyy alla olevan taulukon mukaisesti<strong>.<\/strong><\/p>\n\n\n\n<p><strong>6.35<\/strong>\u00a0Lis\u00e4tietoja ker\u00e4\u00e4mist\u00e4mme ja k\u00e4ytt\u00e4mist\u00e4mme henkil\u00f6tiedoista, toimenpiteist\u00e4 henkil\u00f6tietojen suojaamiseksi, laillisista oikeuksistasi ja lakis\u00e4\u00e4teisist\u00e4 velvollisuuksistamme on tietosuojailmoituksessamme.<\/p>\n\n\n\n<p><strong>6.36<\/strong>\u00a0Tarkempia tietoja k\u00e4ytt\u00e4mist\u00e4mme ev\u00e4steist\u00e4 on alla olevassa taulukossa.<\/p>\n\n\n\n<p><strong>7. Mit\u00e4 ev\u00e4steit\u00e4 sivustollamme k\u00e4ytet\u00e4\u00e4n?<\/strong><\/p>\n\n\n\n<figure class=\"wp-block-table\"><table><tbody><tr><td><strong>Ev\u00e4steen nimi<\/strong><\/td><td><strong>Liitetty ty\u00f6kalu<\/strong><\/td><td><strong>Verkkotunnus<\/strong><\/td><td><strong>K\u00e4ytt\u00f6tarkoitus<\/strong><\/td><\/tr><tr><td>_ga<\/td><td>Google Analytics<\/td><td>cathcartassociates.com<\/td><td>Mahdollistaa sen, ett\u00e4 tied\u00e4mme, mit\u00e4 sivuja, sis\u00e4lt\u00f6\u00e4 ja toimintoja k\u00e4ytt\u00e4j\u00e4 on tehnyt sivuston analyysia ja suorituskyvyn mittaamista varten.<\/td><\/tr><tr><td>_gat<\/td><td>Google Analytics<\/td><td>cathcartassociates.com<\/td><td>Rajoittaa tiedonkeruuta vilkkaassa liikenteess\u00e4 olevilla sivustoilla tai ruuhka-aikoina. Se vanhenee 10 minuutin kuluttua eik\u00e4 ker\u00e4\u00e4 tietoja<\/td><\/tr><tr><td>_gid<\/td><td>Google Analytics<\/td><td>cathcartassociates.com<\/td><td>N\u00e4m\u00e4 ev\u00e4steet ovat osa Google Analyticsi\u00e4 ja niiden avulla voimme mitata tietoja siit\u00e4, miten k\u00e4vij\u00e4t k\u00e4ytt\u00e4v\u00e4t sivustoamme. T\u00e4h\u00e4n sis\u00e4ltyy jokaisen sivustomme yksitt\u00e4isen k\u00e4ytt\u00e4j\u00e4n tunnistaminen ja tiedot jokaisesta vieraillusta sivusta.<\/td><\/tr><tr><td>cathcart-yhteisty\u00f6kumppanit_ev\u00e4steiden valvonta<\/td><td>Drupal<\/td><td>cathcartassociates.com<\/td><td>Tarjoaa ev\u00e4steh\u00e4lytyksen ponnahdusikkunan verkkosivustolla uusille k\u00e4vij\u00f6ille tai henkil\u00f6ille, jotka eiv\u00e4t ole k\u00e4yneet verkkosivustollamme viime aikoina.<\/td><\/tr><tr><td>SUOSTUMUS<\/td><td>Google<\/td><td>.gstatic.com<\/td><td>Google k\u00e4ytt\u00e4\u00e4 t\u00e4t\u00e4 verkkotunnusta ladatun staattisen sis\u00e4ll\u00f6n (JavaScript-koodi, kuvat ja CSS) siirt\u00e4miseen eri verkkotunnukseen v\u00e4hent\u00e4\u00e4kseen kaistanleveyden k\u00e4ytt\u00f6\u00e4 ja parantaakseen verkon suorituskyky\u00e4 loppuk\u00e4ytt\u00e4j\u00e4n kannalta.<\/td><\/tr><\/tbody><\/table><\/figure>\n\n\n\n<p><strong>\u00a07.3<\/strong>\u00a0Sivustomme k\u00e4ytt\u00e4m\u00e4t analyysipalvelut k\u00e4ytt\u00e4v\u00e4t analyysiev\u00e4stej\u00e4 tarvittavien tietojen ker\u00e4\u00e4miseen.<\/p>\n\n\n\n<p><strong>7.2<\/strong>\u00a0Sivustomme k\u00e4ytt\u00e4\u00e4 Google Analyticsin tarjoamia analyysipalveluja. Verkkosivuston analytiikka tarkoittaa ty\u00f6kaluja, joita k\u00e4ytet\u00e4\u00e4n nimett\u00f6mien k\u00e4ytt\u00f6tietojen ker\u00e4\u00e4miseen ja analysointiin, jotta voimme paremmin ymm\u00e4rt\u00e4\u00e4, miten sivustoamme k\u00e4ytet\u00e4\u00e4n. T\u00e4m\u00e4 puolestaan antaa meille mahdollisuuden parantaa sivustoamme ja sen kautta tarjottavia tuotteita. Sinun ei tarvitse sallia meid\u00e4n k\u00e4ytt\u00e4\u00e4 n\u00e4it\u00e4 ev\u00e4steit\u00e4, vaikka niiden k\u00e4ytt\u00f6 ei vaaranna yksityisyytt\u00e4si tai sivustomme turvallista k\u00e4ytt\u00f6\u00e4, se antaa meille mahdollisuuden parantaa jatkuvasti sivustoamme ja tehd\u00e4 siit\u00e4 paremman ja hy\u00f6dyllisemm\u00e4n kokemuksen sinulle.<\/p>\n\n\n\n<p><strong>8 Suostumus ja valvonta<\/strong><\/p>\n\n\n\n<p><strong>8.1<\/strong>\u00a0Ennen kuin ev\u00e4steet sijoitetaan tietokoneellesi tai laitteellesi, sinulle n\u00e4ytet\u00e4\u00e4n ponnahdusikkuna, jossa pyydet\u00e4\u00e4n suostumustasi ev\u00e4steiden asettamiseen. Antamalla suostumuksesi ev\u00e4steiden asettamiseen annat meille mahdollisuuden tarjota sinulle parasta mahdollista kokemusta ja palvelua.<\/p>\n\n\n\n<p><strong>8.2<\/strong>\u00a0Jos kielt\u00e4ydyt antamasta suostumusta ev\u00e4steiden asettamiseen, tietyt sivustomme ominaisuudet eiv\u00e4t v\u00e4ltt\u00e4m\u00e4tt\u00e4 toimi t\u00e4ysin tai tarkoitetulla tavalla.<\/p>\n\n\n\n<p><strong>8.3<\/strong>\u00a0Tarjoamamme valvonnan lis\u00e4ksi voit ottaa ev\u00e4steet k\u00e4ytt\u00f6\u00f6n tai poistaa ne k\u00e4yt\u00f6st\u00e4 internetselaimessasi. Useimmissa internetselaimissa voit my\u00f6s valita, haluatko poistaa k\u00e4yt\u00f6st\u00e4 kaikki ev\u00e4steet vai vain kolmansien osapuolten ev\u00e4steet. Oletuksena useimmat internetselaimet hyv\u00e4ksyv\u00e4t ev\u00e4steet, mutta t\u00e4m\u00e4n voi muuttaa. Lis\u00e4tietoja saat internetselaimesi ohjevalikosta tai laitteen mukana toimitetuista asiakirjoista.<\/p>\n\n\n\n<p><strong>8.4<\/strong>\u00a0Seuraavista linkeist\u00e4 l\u00f6yd\u00e4t ohjeet ev\u00e4steiden hallintaan kaikissa yleisimmiss\u00e4 selaimissa:<\/p>\n\n\n\n<ul class=\"wp-block-list\"><li>Google Chrome:\u00a0<a href=\"https:\/\/support.google.com\/chrome\/answer\/95647?hl=en-GB\" target=\"_blank\" rel=\"noreferrer noopener\">https:\/\/support.google.com\/chrome\/answer\/95647?hl=en-GB<\/a><\/li><li>Microsoft Internet Explorer:\u00a0<a href=\"https:\/\/support.microsoft.com\/en-us\/kb\/278835\" target=\"_blank\" rel=\"noreferrer noopener\">https:\/\/support.microsoft.com\/en-us\/kb\/278835<\/a><\/li><li>Microsoft Edge:\u00a0<a href=\"https:\/\/support.microsoft.com\/en-gb\/products\/microsoft-edge\" target=\"_blank\" rel=\"noreferrer noopener\">https:\/\/support.microsoft.com\/en-gb\/products\/microsoft-edge<\/a>\u00a0(Huomaa, ett\u00e4 t\u00e4ll\u00e4 hetkell\u00e4 ei ole erityisi\u00e4 ohjeita, mutta Microsoftin tuki pystyy auttamaan)<\/li><li>Safari (macOS):\u00a0<a href=\"https:\/\/support.apple.com\/en-gb\/guide\/safari\/manage-cookies-and-website-data-sfri11471\/mac\" target=\"_blank\" rel=\"noreferrer noopener\">https:\/\/support.apple.com\/en-gb\/guide\/safari\/manage-cookies-and-website-data-sfri11471\/mac<\/a><\/li><li>Safari (iOS):\u00a0<a href=\"https:\/\/support.apple.com\/en-gb\/HT201265\" target=\"_blank\" rel=\"noreferrer noopener\">https:\/\/support.apple.com\/en-gb\/HT201265<\/a><\/li><li>Mozilla Firefox:\u00a0<a href=\"https:\/\/support.mozilla.org\/en-US\/kb\/enable-and-disable-cookies-website-preferences\" target=\"_blank\" rel=\"noreferrer noopener\">https:\/\/support.mozilla.org\/en-US\/kb\/enable-and-disable-Cookies-website-preferences<\/a><\/li><li>Android:\u00a0<a href=\"https:\/\/support.google.com\/chrome\/answer\/95647?co=GENIE.Platform%3DAndroid&amp;hl=en\" target=\"_blank\" rel=\"noreferrer noopener\">https:\/\/support.google.com\/chrome\/answer\/95647?co=GENIE.Platform%3DAndroid&amp;hl=en<\/a>\u00a0(Valmistajan omat selaimet l\u00f6ytyv\u00e4t laitteen dokumentaatiosta.)<\/li><\/ul>\n\n\n\n<p><strong>9 Muutokset t\u00e4h\u00e4n ev\u00e4stek\u00e4yt\u00e4nt\u00f6\u00f6n<\/strong><\/p>\n\n\n\n<p><strong>9.1<\/strong>\u00a0Voimme muuttaa t\u00e4t\u00e4 ev\u00e4stek\u00e4yt\u00e4nt\u00f6\u00e4 milloin tahansa. T\u00e4llaiset muutokset sitovat sinua, kun k\u00e4yt\u00e4t sivustoamme ensimm\u00e4isen kerran sen j\u00e4lkeen, kun muutokset on tehty.\u00a0 Siksi sinun kannattaa tarkistaa t\u00e4m\u00e4 sivu ajoittain.<\/p>\n\n\n\n<p><strong>9.2<\/strong>\u00a0Jos t\u00e4m\u00e4n ev\u00e4stek\u00e4yt\u00e4nn\u00f6n nykyisen version ja aiempien versioiden v\u00e4lill\u00e4 on ristiriita, voimassa olevat m\u00e4\u00e4r\u00e4ykset ovat ensisijaisia, ellei toisin nimenomaisesti mainita.<\/p>\n\n\n\n<p><strong>10 Lis\u00e4tietoja<\/strong><\/p>\n\n\n\n<p><strong>10.1<\/strong>\u00a0Jos haluat lis\u00e4tietoja miten me k\u00e4yt\u00e4mme ev\u00e4steit\u00e4, ota yhteytt\u00e4 tietosuojavastaavaan.<\/p>\n\n\n\n<p><strong>10.2<\/strong>\u00a0Lis\u00e4tietoja yksityisyydest\u00e4, tietosuojasta ja k\u00e4ytt\u00f6ehdoistamme saat seuraavasta osoitteesta:<\/p>\n\n\n\n<ul class=\"wp-block-list\"><li><a href=\"https:\/\/www.cathcarttechnology.com\/privacy\">https:\/\/www.cathcarttechnology.com\/privacy<\/a><\/li><li><a href=\"https:\/\/www.cathcarttechnology.com\/terms-and-conditions\">https:\/\/www.cathcarttechnology.com\/terms-and-conditions<\/a><\/li><\/ul>\n<\/div>\n<\/div>\n","protected":false},"excerpt":{"rendered":"<p>Ev\u00e4stek\u00e4yt\u00e4nt\u00f6 1 Johdanto 1.1\u00a0Cathcart Associates Ltd ymm\u00e4rt\u00e4\u00e4, ett\u00e4 yksityisyytesi on sinulle t\u00e4rke\u00e4\u00e4 ja ett\u00e4 v\u00e4lit\u00e4t siit\u00e4, miten henkil\u00f6tietojasi k\u00e4ytet\u00e4\u00e4n. Kunnioitamme ja arvostamme kaikkien t\u00e4ll\u00e4 verkkosivustolla www.cathcartassociates.com(&#8220;Sivustomme&#8221;) vierailevien yksityisyytt\u00e4 ja ker\u00e4\u00e4mme ja k\u00e4yt\u00e4mme henkil\u00f6tietoja vain t\u00e4ss\u00e4 kuvatuilla tavoilla ja tavalla, joka on yhdenmukainen velvoitteidemme ja lakis\u00e4\u00e4teisten oikeuksiesi kanssa. 1.2\u00a0Lue t\u00e4m\u00e4 k\u00e4yt\u00e4nt\u00f6 huolellisesti ja varmista, ett\u00e4 ymm\u00e4rr\u00e4t&hellip; <a class=\"more-link\" href=\"https:\/\/cathcarttechnology.com\/fi\/cookie-policy\/\">Continue reading <span class=\"screen-reader-text\">Ev\u00e4stek\u00e4yt\u00e4nt\u00f6<\/span><\/a><\/p>\n","protected":false},"author":1,"featured_media":0,"parent":0,"menu_order":0,"comment_status":"closed","ping_status":"closed","template":"","meta":{"_acf_changed":false,"inline_featured_image":false,"footnotes":""},"class_list":["post-5233","page","type-page","status-publish","hentry","entry"],"acf":[],"_links":{"self":[{"href":"https:\/\/cathcarttechnology.com\/fi\/wp-json\/wp\/v2\/pages\/5233","targetHints":{"allow":["GET"]}}],"collection":[{"href":"https:\/\/cathcarttechnology.com\/fi\/wp-json\/wp\/v2\/pages"}],"about":[{"href":"https:\/\/cathcarttechnology.com\/fi\/wp-json\/wp\/v2\/types\/page"}],"author":[{"embeddable":true,"href":"https:\/\/cathcarttechnology.com\/fi\/wp-json\/wp\/v2\/users\/1"}],"replies":[{"embeddable":true,"href":"https:\/\/cathcarttechnology.com\/fi\/wp-json\/wp\/v2\/comments?post=5233"}],"version-history":[{"count":3,"href":"https:\/\/cathcarttechnology.com\/fi\/wp-json\/wp\/v2\/pages\/5233\/revisions"}],"predecessor-version":[{"id":5775,"href":"https:\/\/cathcarttechnology.com\/fi\/wp-json\/wp\/v2\/pages\/5233\/revisions\/5775"}],"wp:attachment":[{"href":"https:\/\/cathcarttechnology.com\/fi\/wp-json\/wp\/v2\/media?parent=5233"}],"curies":[{"name":"wp","href":"https:\/\/api.w.org\/{rel}","templated":true}]}}